{"id":13,"date":"2024-05-28T11:21:25","date_gmt":"2024-05-28T10:21:25","guid":{"rendered":"https:\/\/www.vidalibarraquer.net\/sostenibilitat\/?page_id=13"},"modified":"2024-06-05T07:37:02","modified_gmt":"2024-06-05T06:37:02","slug":"accions-de-centre","status":"publish","type":"page","link":"https:\/\/www.vidalibarraquer.net\/sostenibilitat\/index.php\/accions-de-centre\/","title":{"rendered":"Accions de centre"},"content":{"rendered":"\n<p class=\"gutenify-section-d82c66b0-2302-11ef-a712-0781b8850b09\">Des de la Comissi\u00f3 de Sostenibilitat promovem una s\u00e8rie d&#8217;accions de centre com s\u00f3n:<\/p>\n\n\n\n<ul class=\"gutenify-section-d8334480-2302-11ef-a712-0781b8850b09 wp-block-list\">\n<li class=\"gutenify-section-d82eb0a0-2302-11ef-a712-0781b8850b09\">Mobilitat sostenible: aparcament bicicletes i monopatins.<\/li>\n\n\n\n<li class=\"gutenify-section-d8305e50-2302-11ef-a712-0781b8850b09\">Estalvi energ\u00e8tic: control de les factures de llum, aigua i gas, encesa selectiva de llums per horari, plaques solars per l\u2019aigua calenta del bar, llums del lavabo amb c\u00e8l\u00b7lula fotoel\u00e8ctrica, millores en el sistema de calefacci\u00f3, substituci\u00f3 de fluorescents per LEDs. <\/li>\n\n\n\n<li class=\"gutenify-section-d8316fc0-2302-11ef-a712-0781b8850b09\">Control i reducci\u00f3 de consums: Espai Moodle, e-Secretaria i Dinantia: reducci\u00f3 de fotoc\u00f2pies, aula simulaci\u00f3: fulls reciclats, folis sense clor, aixetes d\u2019estalvi amb airejador, cisternes de doble click.<\/li>\n\n\n\n<li class=\"gutenify-section-35bced30-2304-11ef-a712-0781b8850b09\">Reciclatge: paper, envasos, org\u00e0nica, piles i cartutxos de tinta.<\/li>\n\n\n\n<li class=\"gutenify-section-6f314a30-2303-11ef-a712-0781b8850b09\">Recollida solid\u00e0ria de taps per la FEM i d&#8217;estris d&#8217;escriptura per la Fundaci\u00f3 Estela.<\/li>\n\n\n\n<li class=\"gutenify-section-7469f5b0-2303-11ef-a712-0781b8850b09\">Accions d&#8217;aula:\n<ul class=\"gutenify-section-7f1dd3f0-2303-11ef-a712-0781b8850b09 wp-block-list\">\n<li class=\"gutenify-section-91f15100-2303-11ef-a712-0781b8850b09\">Fam\u00edlia d&#8217;inform\u00e0tica: Projecte REP: reparaci\u00f3 i donaci\u00f3 d&#8217;ordinadors vells per altres centres educatius.<\/li>\n\n\n\n<li class=\"gutenify-section-af49ad10-2303-11ef-a712-0781b8850b09\">Fam\u00edlia de comer\u00e7: Aparadors i decoracions sostenibles amb materials reciclats o reciclables.<\/li>\n\n\n\n<li class=\"gutenify-section-c0a61a80-2303-11ef-a712-0781b8850b09\">Fam\u00edlia d&#8217;Administraci\u00f3: reducci\u00f3 de paper a l&#8217;aula de simulaci\u00f3 .<\/li>\n\n\n\n<li class=\"gutenify-section-f2416220-2303-11ef-a712-0781b8850b09\">Fam\u00edlia de Serveis a la Comunitat: projectes amb altres entitats com l&#8217;Anella Verda, la Civicleta, etc&#8230;<\/li>\n\n\n\n<li class=\"gutenify-section-138d3f80-2304-11ef-a712-0781b8850b09\">Batxillerat: Cens d&#8217;Orenetes i Let&#8217;s Clean up Europe.<\/li>\n\n\n\n<li class=\"gutenify-section-d8325a20-2302-11ef-a712-0781b8850b09\">I moltes m\u00e9s!<\/li>\n<\/ul>\n<\/li>\n<\/ul>\n\n\n\n<figure class=\"wp-block-gallery has-nested-images columns-default is-cropped gutenify-section-d84d5c30-2302-11ef-a712-0781b8850b09 wp-block-gallery-1 is-layout-flex wp-block-gallery-is-layout-flex\">\n<figure class=\"wp-block-image size-large gutenify-section-d83dcbd0-2302-11ef-a712-0781b8850b09\"><img loading=\"lazy\" decoding=\"async\" width=\"768\" height=\"1024\" data-id=\"29\" src=\"https:\/\/www.vidalibarraquer.net\/sostenibilitat\/wp-content\/uploads\/2024\/05\/contenidor-estela-768x1024.jpg\" alt=\"\" class=\"wp-image-29\" srcset=\"https:\/\/www.vidalibarraquer.net\/sostenibilitat\/wp-content\/uploads\/2024\/05\/contenidor-estela-768x1024.jpg 768w, https:\/\/www.vidalibarraquer.net\/sostenibilitat\/wp-content\/uploads\/2024\/05\/contenidor-estela-225x300.jpg 225w, https:\/\/www.vidalibarraquer.net\/sostenibilitat\/wp-content\/uploads\/2024\/05\/contenidor-estela-1152x1536.jpg 1152w, https:\/\/www.vidalibarraquer.net\/sostenibilitat\/wp-content\/uploads\/2024\/05\/contenidor-estela-1536x2048.jpg 1536w, https:\/\/www.vidalibarraquer.net\/sostenibilitat\/wp-content\/uploads\/2024\/05\/contenidor-estela-scaled.jpg 1920w\" sizes=\"auto, (max-width: 768px) 100vw, 768px\" \/><figcaption class=\"wp-element-caption\">Bolis gastats<\/figcaption><\/figure>\n\n\n\n<figure class=\"wp-block-image size-large gutenify-section-d83b81e0-2302-11ef-a712-0781b8850b09\"><img loading=\"lazy\" decoding=\"async\" width=\"225\" height=\"225\" data-id=\"31\" src=\"https:\/\/www.vidalibarraquer.net\/sostenibilitat\/wp-content\/uploads\/2024\/05\/bolis.png\" alt=\"\" class=\"wp-image-31\" srcset=\"https:\/\/www.vidalibarraquer.net\/sostenibilitat\/wp-content\/uploads\/2024\/05\/bolis.png 225w, https:\/\/www.vidalibarraquer.net\/sostenibilitat\/wp-content\/uploads\/2024\/05\/bolis-150x150.png 150w\" sizes=\"auto, (max-width: 225px) 100vw, 225px\" \/><figcaption class=\"wp-element-caption\">Bolis gastats<\/figcaption><\/figure>\n\n\n\n<figure class=\"wp-block-image size-large gutenify-section-d83edd40-2302-11ef-a712-0781b8850b09\"><img loading=\"lazy\" decoding=\"async\" width=\"768\" height=\"1024\" data-id=\"28\" src=\"https:\/\/www.vidalibarraquer.net\/sostenibilitat\/wp-content\/uploads\/2024\/05\/contenidor-taps-768x1024.jpg\" alt=\"\" class=\"wp-image-28\" srcset=\"https:\/\/www.vidalibarraquer.net\/sostenibilitat\/wp-content\/uploads\/2024\/05\/contenidor-taps-768x1024.jpg 768w, https:\/\/www.vidalibarraquer.net\/sostenibilitat\/wp-content\/uploads\/2024\/05\/contenidor-taps-225x300.jpg 225w, https:\/\/www.vidalibarraquer.net\/sostenibilitat\/wp-content\/uploads\/2024\/05\/contenidor-taps-1152x1536.jpg 1152w, https:\/\/www.vidalibarraquer.net\/sostenibilitat\/wp-content\/uploads\/2024\/05\/contenidor-taps-1536x2048.jpg 1536w, https:\/\/www.vidalibarraquer.net\/sostenibilitat\/wp-content\/uploads\/2024\/05\/contenidor-taps-scaled.jpg 1920w\" sizes=\"auto, (max-width: 768px) 100vw, 768px\" \/><figcaption class=\"wp-element-caption\">Recollida de taps<\/figcaption><\/figure>\n\n\n\n<figure class=\"wp-block-image size-large gutenify-section-d83cba60-2302-11ef-a712-0781b8850b09\"><img loading=\"lazy\" decoding=\"async\" width=\"768\" height=\"1024\" data-id=\"30\" src=\"https:\/\/www.vidalibarraquer.net\/sostenibilitat\/wp-content\/uploads\/2024\/05\/apilo-768x1024.jpg\" alt=\"\" class=\"wp-image-30\" srcset=\"https:\/\/www.vidalibarraquer.net\/sostenibilitat\/wp-content\/uploads\/2024\/05\/apilo-768x1024.jpg 768w, https:\/\/www.vidalibarraquer.net\/sostenibilitat\/wp-content\/uploads\/2024\/05\/apilo-225x300.jpg 225w, https:\/\/www.vidalibarraquer.net\/sostenibilitat\/wp-content\/uploads\/2024\/05\/apilo-1152x1536.jpg 1152w, https:\/\/www.vidalibarraquer.net\/sostenibilitat\/wp-content\/uploads\/2024\/05\/apilo-1536x2048.jpg 1536w, https:\/\/www.vidalibarraquer.net\/sostenibilitat\/wp-content\/uploads\/2024\/05\/apilo-scaled.jpg 1920w\" sizes=\"auto, (max-width: 768px) 100vw, 768px\" \/><figcaption class=\"wp-element-caption\">Piles acabades<\/figcaption><\/figure>\n\n\n\n<figure class=\"wp-block-image size-large gutenify-section-d8373c20-2302-11ef-a712-0781b8850b09\"><img loading=\"lazy\" decoding=\"async\" width=\"1024\" height=\"768\" data-id=\"34\" src=\"https:\/\/www.vidalibarraquer.net\/sostenibilitat\/wp-content\/uploads\/2024\/05\/IMG_20231212_092354584-1024x768.jpg\" alt=\"\" class=\"wp-image-34\" srcset=\"https:\/\/www.vidalibarraquer.net\/sostenibilitat\/wp-content\/uploads\/2024\/05\/IMG_20231212_092354584-1024x768.jpg 1024w, https:\/\/www.vidalibarraquer.net\/sostenibilitat\/wp-content\/uploads\/2024\/05\/IMG_20231212_092354584-300x225.jpg 300w, https:\/\/www.vidalibarraquer.net\/sostenibilitat\/wp-content\/uploads\/2024\/05\/IMG_20231212_092354584-768x576.jpg 768w, https:\/\/www.vidalibarraquer.net\/sostenibilitat\/wp-content\/uploads\/2024\/05\/IMG_20231212_092354584-1536x1152.jpg 1536w, https:\/\/www.vidalibarraquer.net\/sostenibilitat\/wp-content\/uploads\/2024\/05\/IMG_20231212_092354584-2048x1536.jpg 2048w\" sizes=\"auto, (max-width: 1024px) 100vw, 1024px\" \/><figcaption class=\"wp-element-caption\">P\u00e0rquing de patinets<\/figcaption><\/figure>\n\n\n\n<figure class=\"wp-block-image size-large gutenify-section-d83a2250-2302-11ef-a712-0781b8850b09\"><img loading=\"lazy\" decoding=\"async\" width=\"225\" height=\"225\" data-id=\"33\" src=\"https:\/\/www.vidalibarraquer.net\/sostenibilitat\/wp-content\/uploads\/2024\/05\/celula-fotoelectrica.png\" alt=\"\" class=\"wp-image-33\" srcset=\"https:\/\/www.vidalibarraquer.net\/sostenibilitat\/wp-content\/uploads\/2024\/05\/celula-fotoelectrica.png 225w, https:\/\/www.vidalibarraquer.net\/sostenibilitat\/wp-content\/uploads\/2024\/05\/celula-fotoelectrica-150x150.png 150w\" sizes=\"auto, (max-width: 225px) 100vw, 225px\" \/><figcaption class=\"wp-element-caption\">Detectors de pres\u00e8ncia<\/figcaption><\/figure>\n\n\n\n<figure class=\"wp-block-image size-large gutenify-section-d84015c0-2302-11ef-a712-0781b8850b09\"><img loading=\"lazy\" decoding=\"async\" width=\"658\" height=\"293\" data-id=\"27\" src=\"https:\/\/www.vidalibarraquer.net\/sostenibilitat\/wp-content\/uploads\/2024\/05\/doble-cara.png\" alt=\"\" class=\"wp-image-27\" srcset=\"https:\/\/www.vidalibarraquer.net\/sostenibilitat\/wp-content\/uploads\/2024\/05\/doble-cara.png 658w, https:\/\/www.vidalibarraquer.net\/sostenibilitat\/wp-content\/uploads\/2024\/05\/doble-cara-300x134.png 300w\" sizes=\"auto, (max-width: 658px) 100vw, 658px\" \/><figcaption class=\"wp-element-caption\">Impressi\u00f3 a doble cara<\/figcaption><\/figure>\n\n\n\n<figure class=\"wp-block-image size-large gutenify-section-d8414e40-2302-11ef-a712-0781b8850b09\"><img loading=\"lazy\" decoding=\"async\" width=\"288\" height=\"154\" data-id=\"26\" src=\"https:\/\/www.vidalibarraquer.net\/sostenibilitat\/wp-content\/uploads\/2024\/05\/Libre_Cloro_Folios.jpg\" alt=\"\" class=\"wp-image-26\"\/><figcaption class=\"wp-element-caption\">Fulls lliures de clor<\/figcaption><\/figure>\n\n\n\n<figure class=\"wp-block-image size-large gutenify-section-d8496490-2302-11ef-a712-0781b8850b09\"><img loading=\"lazy\" decoding=\"async\" width=\"1024\" height=\"768\" data-id=\"19\" src=\"https:\/\/www.vidalibarraquer.net\/sostenibilitat\/wp-content\/uploads\/2024\/05\/projecteREP-1024x768.jpg\" alt=\"\" class=\"wp-image-19\" srcset=\"https:\/\/www.vidalibarraquer.net\/sostenibilitat\/wp-content\/uploads\/2024\/05\/projecteREP-1024x768.jpg 1024w, https:\/\/www.vidalibarraquer.net\/sostenibilitat\/wp-content\/uploads\/2024\/05\/projecteREP-300x225.jpg 300w, https:\/\/www.vidalibarraquer.net\/sostenibilitat\/wp-content\/uploads\/2024\/05\/projecteREP-768x576.jpg 768w, https:\/\/www.vidalibarraquer.net\/sostenibilitat\/wp-content\/uploads\/2024\/05\/projecteREP-1536x1152.jpg 1536w, https:\/\/www.vidalibarraquer.net\/sostenibilitat\/wp-content\/uploads\/2024\/05\/projecteREP-2048x1536.jpg 2048w\" sizes=\"auto, (max-width: 1024px) 100vw, 1024px\" \/><figcaption class=\"wp-element-caption\">Projecte REP<\/figcaption><\/figure>\n\n\n\n<figure class=\"wp-block-image size-large gutenify-section-d8425fb0-2302-11ef-a712-0781b8850b09\"><img loading=\"lazy\" decoding=\"async\" width=\"679\" height=\"509\" data-id=\"25\" src=\"https:\/\/www.vidalibarraquer.net\/sostenibilitat\/wp-content\/uploads\/2024\/05\/parquig-bicis.jpg\" alt=\"\" class=\"wp-image-25\" srcset=\"https:\/\/www.vidalibarraquer.net\/sostenibilitat\/wp-content\/uploads\/2024\/05\/parquig-bicis.jpg 679w, https:\/\/www.vidalibarraquer.net\/sostenibilitat\/wp-content\/uploads\/2024\/05\/parquig-bicis-300x225.jpg 300w\" sizes=\"auto, (max-width: 679px) 100vw, 679px\" \/><figcaption class=\"wp-element-caption\">P\u00e0rquing de bicis<\/figcaption><\/figure>\n\n\n\n<figure class=\"wp-block-image size-large gutenify-section-d8437120-2302-11ef-a712-0781b8850b09\"><img loading=\"lazy\" decoding=\"async\" width=\"687\" height=\"515\" data-id=\"24\" src=\"https:\/\/www.vidalibarraquer.net\/sostenibilitat\/wp-content\/uploads\/2024\/05\/parquing-bicis-2.jpg\" alt=\"\" class=\"wp-image-24\" srcset=\"https:\/\/www.vidalibarraquer.net\/sostenibilitat\/wp-content\/uploads\/2024\/05\/parquing-bicis-2.jpg 687w, https:\/\/www.vidalibarraquer.net\/sostenibilitat\/wp-content\/uploads\/2024\/05\/parquing-bicis-2-300x225.jpg 300w\" sizes=\"auto, (max-width: 687px) 100vw, 687px\" \/><figcaption class=\"wp-element-caption\">P\u00e0rquing de transport sostenible<\/figcaption><\/figure>\n\n\n\n<figure class=\"wp-block-image size-large gutenify-section-d8445b80-2302-11ef-a712-0781b8850b09\"><img loading=\"lazy\" decoding=\"async\" width=\"768\" height=\"1024\" data-id=\"23\" src=\"https:\/\/www.vidalibarraquer.net\/sostenibilitat\/wp-content\/uploads\/2024\/05\/parquing-patinet-electric-2-768x1024.jpg\" alt=\"\" class=\"wp-image-23\" srcset=\"https:\/\/www.vidalibarraquer.net\/sostenibilitat\/wp-content\/uploads\/2024\/05\/parquing-patinet-electric-2-768x1024.jpg 768w, https:\/\/www.vidalibarraquer.net\/sostenibilitat\/wp-content\/uploads\/2024\/05\/parquing-patinet-electric-2-225x300.jpg 225w, https:\/\/www.vidalibarraquer.net\/sostenibilitat\/wp-content\/uploads\/2024\/05\/parquing-patinet-electric-2-1152x1536.jpg 1152w, https:\/\/www.vidalibarraquer.net\/sostenibilitat\/wp-content\/uploads\/2024\/05\/parquing-patinet-electric-2-1536x2048.jpg 1536w, https:\/\/www.vidalibarraquer.net\/sostenibilitat\/wp-content\/uploads\/2024\/05\/parquing-patinet-electric-2-scaled.jpg 1920w\" sizes=\"auto, (max-width: 768px) 100vw, 768px\" \/><figcaption class=\"wp-element-caption\">P\u00e0rquing de patinets el\u00e8ctrics<\/figcaption><\/figure>\n\n\n\n<figure class=\"wp-block-image size-large gutenify-section-d8465750-2302-11ef-a712-0781b8850b09\"><img loading=\"lazy\" decoding=\"async\" width=\"749\" height=\"562\" data-id=\"21\" src=\"https:\/\/www.vidalibarraquer.net\/sostenibilitat\/wp-content\/uploads\/2024\/05\/pica-lavabo.jpg\" alt=\"\" class=\"wp-image-21\" srcset=\"https:\/\/www.vidalibarraquer.net\/sostenibilitat\/wp-content\/uploads\/2024\/05\/pica-lavabo.jpg 749w, https:\/\/www.vidalibarraquer.net\/sostenibilitat\/wp-content\/uploads\/2024\/05\/pica-lavabo-300x225.jpg 300w\" sizes=\"auto, (max-width: 749px) 100vw, 749px\" \/><figcaption class=\"wp-element-caption\">Aixeta d&#8217;estalvi<\/figcaption><\/figure>\n\n\n\n<figure class=\"wp-block-image size-large gutenify-section-d83874a0-2302-11ef-a712-0781b8850b09\"><img loading=\"lazy\" decoding=\"async\" width=\"271\" height=\"184\" data-id=\"32\" src=\"https:\/\/www.vidalibarraquer.net\/sostenibilitat\/wp-content\/uploads\/2024\/05\/cisterna.png\" alt=\"\" class=\"wp-image-32\"\/><figcaption class=\"wp-element-caption\">Cisterna<\/figcaption><\/figure>\n\n\n\n<figure class=\"wp-block-image size-large gutenify-section-d84768c0-2302-11ef-a712-0781b8850b09\"><img loading=\"lazy\" decoding=\"async\" width=\"226\" height=\"225\" data-id=\"20\" src=\"https:\/\/www.vidalibarraquer.net\/sostenibilitat\/wp-content\/uploads\/2024\/05\/placa-termosolar.png\" alt=\"\" class=\"wp-image-20\" srcset=\"https:\/\/www.vidalibarraquer.net\/sostenibilitat\/wp-content\/uploads\/2024\/05\/placa-termosolar.png 226w, https:\/\/www.vidalibarraquer.net\/sostenibilitat\/wp-content\/uploads\/2024\/05\/placa-termosolar-150x150.png 150w\" sizes=\"auto, (max-width: 226px) 100vw, 226px\" \/><figcaption class=\"wp-element-caption\">Plaques termosolar<\/figcaption><\/figure>\n\n\n\n<figure class=\"wp-block-image size-large gutenify-section-d8487a30-2302-11ef-a712-0781b8850b09\"><img loading=\"lazy\" decoding=\"async\" width=\"697\" height=\"603\" data-id=\"18\" src=\"https:\/\/www.vidalibarraquer.net\/sostenibilitat\/wp-content\/uploads\/2024\/05\/reciclatge-secretaria.jpg\" alt=\"\" class=\"wp-image-18\" srcset=\"https:\/\/www.vidalibarraquer.net\/sostenibilitat\/wp-content\/uploads\/2024\/05\/reciclatge-secretaria.jpg 697w, https:\/\/www.vidalibarraquer.net\/sostenibilitat\/wp-content\/uploads\/2024\/05\/reciclatge-secretaria-300x260.jpg 300w\" sizes=\"auto, (max-width: 697px) 100vw, 697px\" \/><figcaption class=\"wp-element-caption\">Recollida selectiva<\/figcaption><\/figure>\n\n\n\n<figure class=\"wp-block-image size-large gutenify-section-d84a7600-2302-11ef-a712-0781b8850b09\"><img loading=\"lazy\" decoding=\"async\" width=\"768\" height=\"1024\" data-id=\"17\" src=\"https:\/\/www.vidalibarraquer.net\/sostenibilitat\/wp-content\/uploads\/2024\/05\/reciclatge-davant-del-bar-768x1024.jpg\" alt=\"\" class=\"wp-image-17\" srcset=\"https:\/\/www.vidalibarraquer.net\/sostenibilitat\/wp-content\/uploads\/2024\/05\/reciclatge-davant-del-bar-768x1024.jpg 768w, https:\/\/www.vidalibarraquer.net\/sostenibilitat\/wp-content\/uploads\/2024\/05\/reciclatge-davant-del-bar-225x300.jpg 225w, https:\/\/www.vidalibarraquer.net\/sostenibilitat\/wp-content\/uploads\/2024\/05\/reciclatge-davant-del-bar-1152x1536.jpg 1152w, https:\/\/www.vidalibarraquer.net\/sostenibilitat\/wp-content\/uploads\/2024\/05\/reciclatge-davant-del-bar-1536x2048.jpg 1536w, https:\/\/www.vidalibarraquer.net\/sostenibilitat\/wp-content\/uploads\/2024\/05\/reciclatge-davant-del-bar-scaled.jpg 1920w\" sizes=\"auto, (max-width: 768px) 100vw, 768px\" \/><figcaption class=\"wp-element-caption\">Recollida selectiva<\/figcaption><\/figure>\n\n\n\n<figure class=\"wp-block-image size-large gutenify-section-d84b6060-2302-11ef-a712-0781b8850b09\"><img loading=\"lazy\" decoding=\"async\" width=\"773\" height=\"528\" data-id=\"16\" src=\"https:\/\/www.vidalibarraquer.net\/sostenibilitat\/wp-content\/uploads\/2024\/05\/reciclatge4t-pis.jpg\" alt=\"\" class=\"wp-image-16\" srcset=\"https:\/\/www.vidalibarraquer.net\/sostenibilitat\/wp-content\/uploads\/2024\/05\/reciclatge4t-pis.jpg 773w, https:\/\/www.vidalibarraquer.net\/sostenibilitat\/wp-content\/uploads\/2024\/05\/reciclatge4t-pis-300x205.jpg 300w, https:\/\/www.vidalibarraquer.net\/sostenibilitat\/wp-content\/uploads\/2024\/05\/reciclatge4t-pis-768x525.jpg 768w\" sizes=\"auto, (max-width: 773px) 100vw, 773px\" \/><figcaption class=\"wp-element-caption\">Recollida selectiva<\/figcaption><\/figure>\n\n\n\n<figure class=\"wp-block-image size-large gutenify-section-d84c4ac0-2302-11ef-a712-0781b8850b09\"><img loading=\"lazy\" decoding=\"async\" width=\"1024\" height=\"768\" data-id=\"15\" src=\"https:\/\/www.vidalibarraquer.net\/sostenibilitat\/wp-content\/uploads\/2024\/05\/stand-by-1024x768.jpg\" alt=\"\" class=\"wp-image-15\" srcset=\"https:\/\/www.vidalibarraquer.net\/sostenibilitat\/wp-content\/uploads\/2024\/05\/stand-by-1024x768.jpg 1024w, https:\/\/www.vidalibarraquer.net\/sostenibilitat\/wp-content\/uploads\/2024\/05\/stand-by-300x225.jpg 300w, https:\/\/www.vidalibarraquer.net\/sostenibilitat\/wp-content\/uploads\/2024\/05\/stand-by-768x576.jpg 768w, https:\/\/www.vidalibarraquer.net\/sostenibilitat\/wp-content\/uploads\/2024\/05\/stand-by-1536x1152.jpg 1536w, https:\/\/www.vidalibarraquer.net\/sostenibilitat\/wp-content\/uploads\/2024\/05\/stand-by-2048x1536.jpg 2048w\" sizes=\"auto, (max-width: 1024px) 100vw, 1024px\" \/><figcaption class=\"wp-element-caption\">Stand by<\/figcaption><\/figure>\n\n\n\n<figure class=\"wp-block-image alignright size-full is-style-default gutenify-section-379d7790-2305-11ef-a712-0781b8850b09\"><img loading=\"lazy\" decoding=\"async\" width=\"225\" height=\"225\" data-id=\"88\" src=\"https:\/\/www.vidalibarraquer.net\/sostenibilitat\/wp-content\/uploads\/2024\/06\/images.jpg\" alt=\"\" class=\"wp-image-88\" srcset=\"https:\/\/www.vidalibarraquer.net\/sostenibilitat\/wp-content\/uploads\/2024\/06\/images.jpg 225w, https:\/\/www.vidalibarraquer.net\/sostenibilitat\/wp-content\/uploads\/2024\/06\/images-150x150.jpg 150w\" sizes=\"auto, (max-width: 225px) 100vw, 225px\" \/><figcaption class=\"wp-element-caption\">Projecte Orenetes<\/figcaption><\/figure>\n\n\n\n<figure class=\"wp-block-image size-large gutenify-section-3dfaf400-2305-11ef-a712-0781b8850b09\"><img loading=\"lazy\" decoding=\"async\" width=\"192\" height=\"263\" data-id=\"87\" src=\"https:\/\/www.vidalibarraquer.net\/sostenibilitat\/wp-content\/uploads\/2024\/06\/images-1.png\" alt=\"\" class=\"wp-image-87\"\/><\/figure>\n<\/figure>\n","protected":false},"excerpt":{"rendered":"<p>Des de la Comissi\u00f3 de Sostenibilitat promovem una s\u00e8rie d&#8217;accions de centre com s\u00f3n:<\/p>\n","protected":false},"author":1,"featured_media":0,"parent":0,"menu_order":0,"comment_status":"closed","ping_status":"closed","template":"","meta":{"gutenify_custom_css":"","gutenify_custom_css_data":"","footnotes":""},"class_list":["post-13","page","type-page","status-publish","hentry"],"_links":{"self":[{"href":"https:\/\/www.vidalibarraquer.net\/sostenibilitat\/index.php\/wp-json\/wp\/v2\/pages\/13","targetHints":{"allow":["GET"]}}],"collection":[{"href":"https:\/\/www.vidalibarraquer.net\/sostenibilitat\/index.php\/wp-json\/wp\/v2\/pages"}],"about":[{"href":"https:\/\/www.vidalibarraquer.net\/sostenibilitat\/index.php\/wp-json\/wp\/v2\/types\/page"}],"author":[{"embeddable":true,"href":"https:\/\/www.vidalibarraquer.net\/sostenibilitat\/index.php\/wp-json\/wp\/v2\/users\/1"}],"replies":[{"embeddable":true,"href":"https:\/\/www.vidalibarraquer.net\/sostenibilitat\/index.php\/wp-json\/wp\/v2\/comments?post=13"}],"version-history":[{"count":4,"href":"https:\/\/www.vidalibarraquer.net\/sostenibilitat\/index.php\/wp-json\/wp\/v2\/pages\/13\/revisions"}],"predecessor-version":[{"id":90,"href":"https:\/\/www.vidalibarraquer.net\/sostenibilitat\/index.php\/wp-json\/wp\/v2\/pages\/13\/revisions\/90"}],"wp:attachment":[{"href":"https:\/\/www.vidalibarraquer.net\/sostenibilitat\/index.php\/wp-json\/wp\/v2\/media?parent=13"}],"curies":[{"name":"wp","href":"https:\/\/api.w.org\/{rel}","templated":true}]}}